{"id":94,"date":"2022-04-16T19:17:23","date_gmt":"2022-04-16T17:17:23","guid":{"rendered":"https:\/\/ivangavriloff.com\/?page_id=94"},"modified":"2023-03-08T11:01:06","modified_gmt":"2023-03-08T10:01:06","slug":"la-derniere-pilule","status":"publish","type":"page","link":"https:\/\/ivangavriloff.com\/index.php\/la-derniere-pilule\/","title":{"rendered":"La derni\u00e8re pilule"},"content":{"rendered":"\n<div class=\"wp-block-cover alignfull is-light has-parallax\" style=\"min-height:325px;aspect-ratio:unset;\"><span aria-hidden=\"true\" class=\"wp-block-cover__background has-background-dim\"><\/span><div role=\"img\" class=\"wp-block-cover__image-background wp-image-186 has-parallax\" style=\"background-position:50% 50%;background-image:url(https:\/\/ivangavriloff.com\/wp-content\/uploads\/2022\/05\/pilules_illus-scaled.jpg)\"><\/div><div class=\"wp-block-cover__inner-container is-layout-flow wp-block-cover-is-layout-flow\">\n<p class=\"has-text-align-center has-nv-site-bg-color has-text-color has-large-font-size\">La derni\u00e8re pilule<\/p>\n<\/div><\/div>\n\n\n\n<div style=\"height:35px\" aria-hidden=\"true\" class=\"wp-block-spacer\"><\/div>\n\n\n\n<p class=\"has-text-align-center\"><em><a href=\"#avispil\">Avis des lecteurs<\/a><\/em><\/p>\n\n\n\n<div class=\"wp-block-buttons is-layout-flex wp-block-buttons-is-layout-flex\"><\/div>\n\n\n\n<div style=\"height:21px\" aria-hidden=\"true\" class=\"wp-block-spacer\"><\/div>\n\n\n\n<div class=\"wp-block-columns is-layout-flex wp-container-core-columns-is-layout-9d6595d7 wp-block-columns-is-layout-flex\">\n<div class=\"wp-block-column is-layout-flow wp-block-column-is-layout-flow\">\n<h3 class=\"wp-block-heading\">L&rsquo;histoire<\/h3>\n\n\n\n<p>Un couple de septuag\u00e9naires, Andr\u00e9 et Marthe, invite leurs deux enfants et trois amis \u00e0 une f\u00eate un dimanche de janvier 2550. Tr\u00e8s vite la discussion s\u2019installe entre les convives. Qui est qui \u00e0 une \u00e9poque o\u00f9 tous les croisements g\u00e9n\u00e9tiques imaginables sont possibles ? Que devenons-nous quand les greffes de puces \u00e9lectroniques sont devenues courantes ? Quelles r\u00e9actions avons-nous face \u00e0 des robots parfois plus naturels que les humains eux-m\u00eames ? Comment la conscience s\u2019est transform\u00e9e ? Que sont devenus la mort et l\u2019amour quand la vie \u00e9ternelle n\u2019est qu\u2019une question de choix ? Et surtout\u2026 Que sont-ils venus f\u00eater ?<\/p>\n\n\n\n<p>Ce futur est pourtant bien pr\u00e9sent. Toutes les avanc\u00e9es technologiques dont il est question dans cette pi\u00e8ce ont d\u00e9j\u00e0 \u00e9t\u00e9 r\u00e9alis\u00e9es. Des croisements hommes\/ animaux viables ont \u00e9t\u00e9 r\u00e9alis\u00e9s en Angleterre o\u00f9 cela est autoris\u00e9. Des soldats-robots enti\u00e8rement autonomes \u00ab&nbsp;capables de distinguer un alli\u00e9 d\u2019un ennemi&nbsp;\u00bb ont \u00e9t\u00e9 l\u00e2ch\u00e9s arm\u00e9s sur des th\u00e9\u00e2tres militaires. La pi\u00e8ce suppose seulement que ces technologies sont devenues abordables et accessibles au plus grand nombre.<\/p>\n\n\n\n<p>La derni\u00e8re pilule peut nous aider \u00e0 r\u00e9fl\u00e9chir aux moyens de transformer ces \u00e9volutions in\u00e9luctables en progr\u00e8s.<\/p>\n<\/div>\n\n\n\n<div class=\"wp-block-column is-layout-flow wp-block-column-is-layout-flow\"><div class=\"wp-block-image\">\n<figure class=\"aligncenter size-full is-resized\"><img loading=\"lazy\" decoding=\"async\" src=\"https:\/\/ivangavriloff.com\/wp-content\/uploads\/2022\/05\/31SHLNg8HTL.jpeg\" alt=\"\" class=\"wp-image-176\" width=\"242\" height=\"375\" srcset=\"https:\/\/ivangavriloff.com\/wp-content\/uploads\/2022\/05\/31SHLNg8HTL.jpeg 322w, https:\/\/ivangavriloff.com\/wp-content\/uploads\/2022\/05\/31SHLNg8HTL-193x300.jpeg 193w\" sizes=\"auto, (max-width: 242px) 100vw, 242px\" \/><\/figure>\n<\/div>\n\n\n<div class=\"wp-block-buttons is-content-justification-center is-layout-flex wp-container-core-buttons-is-layout-16018d1d wp-block-buttons-is-layout-flex\">\n<div class=\"wp-block-button\"><a class=\"wp-block-button__link wp-element-button\" href=\"https:\/\/www.amazon.fr\/derni%C3%A8re-pilule-Ivan-Gavriloff\/dp\/2343032491\/\" target=\"_blank\" rel=\"noreferrer noopener\">Acheter sur Amazon<\/a><\/div>\n<\/div>\n<\/div>\n<\/div>\n\n\n\n<div style=\"height:49px\" aria-hidden=\"true\" class=\"wp-block-spacer\"><\/div>\n\n\n\n<div class=\"wp-block-cover alignfull has-custom-content-position is-position-bottom-center\" style=\"min-height:95px;aspect-ratio:unset;\" id=\"avispil\"><span aria-hidden=\"true\" class=\"wp-block-cover__background has-nv-c-1-background-color has-background-dim-100 has-background-dim\"><\/span><div class=\"wp-block-cover__inner-container is-layout-flow wp-block-cover-is-layout-flow\">\n<p class=\"has-text-align-center has-nv-text-dark-bg-color has-text-color has-large-font-size\">L&rsquo;avis des lecteurs<\/p>\n<\/div><\/div>\n\n\n\n<div style=\"height:15px\" aria-hidden=\"true\" class=\"wp-block-spacer\"><\/div>\n\n\n\n<p class=\"has-nv-light-bg-background-color has-background\">La semaine derni\u00e8re j\u2019ai envoy\u00e9 \u00ab&nbsp;la derni\u00e8re pilule&nbsp;\u00bb \u00e0 mon amie Muri\u00e8le A. Elle a litt\u00e9ralement ador\u00e9 ta pi\u00e8ce, autant le fond que la fa\u00e7on dont elle est \u00e9crite. Pour elle il n\u2019y a pas une virgule \u00e0 changer.<br>Arnaud D. directeur de cr\u00e9ation, acteur<\/p>\n\n\n\n<p class=\"has-nv-text-dark-bg-color has-nv-c-1-background-color has-text-color has-background\">Tout d&rsquo;abord j&rsquo;ai ador\u00e9 ta pi\u00e8ce, tant l&rsquo;esprit que les personnages cr\u00e9\u00e9s autour de cette histoire&nbsp;! <br>Je trouve que le sujet choisi est tr\u00e8s int\u00e9ressant, \u00e0 la fois loin de nous et pourtant si proche, et d&rsquo;un r\u00e9alisme plut\u00f4t troublant (comme ton article du figaro ce matin d&rsquo;ailleurs!). Ca d\u00e9tend mais \u00e7a fait beaucoup r\u00e9fl\u00e9chir! Ta pi\u00e8ce questionne sur de nombreux sujets auxquels on devrait s\u00e9rieusement s&rsquo;int\u00e9resser de plus pr\u00e8s.<br>Emilie C. \u00e9tudiante<\/p>\n\n\n\n<p class=\"has-nv-light-bg-background-color has-background\">Merci pour ce texte. Il ouvre des ab\u00eemes de r\u00e9flexion et d&rsquo;interrogation sur notre capacit\u00e9 \u00e0 orienter les d\u00e9veloppements scientifiques au b\u00e9n\u00e9fice de l&rsquo;homme, et non pour son malheur.<br>Elisabeth L. Normalienne, inspecteur des finances<\/p>\n\n\n\n<p class=\"has-nv-text-dark-bg-color has-nv-c-1-background-color has-text-color has-background\">C\u2019est magistral. Simple, terriblement dr\u00f4le et vraiment puissant. En fait, je n\u2019ai pas envie de te dire bravo, j\u2019ai envie de te dire merci. Hier soir, je me suis amus\u00e9e \u00e0 relire ta&nbsp;pi\u00e8ce&nbsp;\u00e0 voix haute avec un ami qui \u00e9crit \u00e9galement (roman, texte d\u2019investigation historique, et demain th\u00e9\u00e2tre&nbsp;?). Nous avons beaucoup ri. C\u2019est vraiment un texte succulent.<br>Solenn T. Chasseur de t\u00eate<\/p>\n\n\n\n<p class=\"has-nv-light-bg-background-color has-background\">J&rsquo;ai lu ton texte attentivement. On y apprend beaucoup de choses incroyables et la perspective que cela donne de l&rsquo;humanit\u00e9 dans le futur est assez terrifiante. Tu t&rsquo;inscris dans une tradition litt\u00e9raire illustr\u00e9e par G.H Wells, Georges Orwell et plus t\u00f4t encore Jules Verne, c&rsquo;est original et rare pour du th\u00e9\u00e2tre.<br>Philippe U. acteur<\/p>\n\n\n\n<p class=\"has-nv-text-dark-bg-color has-nv-c-1-background-color has-text-color has-background\">Par curiosit\u00e9, et avec quelques semaines de recul, suite \u00e0 notre d\u00e9jeuner, j&rsquo;ai relu ta pi\u00e8ce. Je la trouve toujours aussi passionnante.<br>Gilles M. sc\u00e9nariste<\/p>\n\n\n\n<p class=\"has-nv-light-bg-background-color has-background\">Je trouve que c\u2019est tr\u00e8s bien. Vraiment. Et je n\u2019ai pas le compliment facile.<br>Mon passage pr\u00e9f\u00e9r\u00e9 est celui sur l\u2019amour. C\u2019est le plus po\u00e9tique, dr\u00f4le et gai.<br>Ma phrase pr\u00e9f\u00e9r\u00e9e est \u00ab&nbsp;l\u2019amour est une sauterelle cherchant de l\u2019ombre sous un brin d\u2019herbe un jour de mistral&nbsp;\u00bb. C\u2019est tr\u00e8s dr\u00f4le. Je trouve que l\u2019id\u00e9e de la situation est bien: les pilules, les personnages sont bien camp\u00e9s, surtout Sylvie qu\u2019on identifie tout de suite. Toutes les id\u00e9es de l\u2019\u00e9volution de notre futur sont tr\u00e8s distrayantes intellectuellement et surprenantes.<br>Sophie C. conseil en innovation<\/p>\n\n\n\n<p class=\"has-nv-text-dark-bg-color has-nv-c-1-background-color has-text-color has-background\">D\u00e9j\u00e0 le sujet est all\u00e9chant : la projection des avanc\u00e9es scientifiques, sur nos peurs et nos d\u00e9sirs, en g\u00e9n\u00e9ral fonctionne bien\u2026 quand c\u2019est bien trait\u00e9, et ce qui est le cas. Le style est agr\u00e9able, vivant, intelligent les dialogues sont bons. La pi\u00e8ce est truff\u00e9e d\u2019humour. J\u2019ai ri bien souvent, ce qui est important dans un texte ou le s\u00e9rieux et la r\u00e9flexion sont pr\u00e9sents.<br>Le texte donne souvent \u00e0 r\u00e9fl\u00e9chir sans tomber dans le dogmatisme ou l\u2019intol\u00e9rance. Paraboles et m\u00e9taphores foisonnent, jamais sentencieuses &nbsp;toujours bien amen\u00e9es.<br>En r\u00e9sum\u00e9 j\u2019ai pris grand plaisir \u00e0 lire \u00ab Que f\u00eatons-nous ce soir ? \u00bb Il y aurait j\u2019en suis s\u00fbr bien d\u2019autres choses \u00e0 rajouter, je tenais, \u00e0 chaud, \u00e0 faire ces quelques premiers commentaires.<br>En tout cas bravo ! Voil\u00e0 un essai bien prometteur. Je rajouterai un dernier mot : Au venoir.<br>Pierre D, com\u00e9dien<\/p>\n\n\n\n<p class=\"has-nv-light-bg-background-color has-background\">J&rsquo;ai fini de lire ta pi\u00e8ce car on a envie de la finir de lire, c&rsquo;est tr\u00e8s accrocheur, c&rsquo;est d\u00e9j\u00e0 bon signe! Et le fil de l&rsquo;histoire est cr\u00e9dible et captivant et les personnages assez riches pour qu&rsquo;on s&rsquo;y int\u00e9resse individuellement, c&rsquo;est compliqu\u00e9 \u00e0 faire \u00e7a, c&rsquo;est bien r\u00e9ussi je trouve. Les arguments scientifiques ne sont pas trop pesants, plut\u00f4t bien plac\u00e9s.<br>Ma seule crainte, c&rsquo;est que, autant \u00e7a se lit bien, autant cela risque d&rsquo;\u00eatre tr\u00e8s statique au th\u00e9\u00e2tre. Mais je sais que je suis assez peu fan du th\u00e9\u00e2tre de pur dialogue, or, l\u00e0 peut \u00eatre qu&rsquo;il manquera des actions pour rendre \u00e7a plus dynamique malgr\u00e9 tout l&rsquo;int\u00e9r\u00eat du texte, de l&rsquo;histoire et des personnages. Mais c&rsquo;est peut \u00eatre le travail du metteur en sc\u00e8ne pr\u00e9cis\u00e9ment. En tous cas, une belle lecture et beaucoup de r\u00e9flexions (et des r\u00e9f\u00e9rences qui me plaisent tant moi qui suis un fan de science fiction et de Philip K Dick en particulier!). L&rsquo;histoire des robots est int\u00e9ressante en dehors de la tradition d&rsquo;Asimov, elle me fait penser&nbsp; \u00e0 une pi\u00e8ce que Bruno Latour a \u00e9crite sur Frankenstein qui est tr\u00e8s belle, o\u00f9 le monstre en veut \u00e0 son cr\u00e9ateur de l&rsquo;avoir abandonn\u00e9, non pas cr\u00e9\u00e9, \u00e7a c&rsquo;est le modernisme, mais de l&rsquo;avoir abandonn\u00e9, de ne pas avoir assum\u00e9 les cons\u00e9quences de&nbsp; cette cr\u00e9ation avec toutes les cons\u00e9quences qui sont celles que l&rsquo;on commenc\u00e9 \u00e0 connaitre. Et c&rsquo;\u00e9tait tr\u00e8s \u00e9mouvant parce que empathique avec nos propres erreurs, et avec le monstre lui-m\u00eame (qui dans ta pi\u00e8ce a l&rsquo;air d&rsquo;aller tr\u00e8s tr\u00e8s bien!!) Mais les cons\u00e9quences sont aussi celles que tu d\u00e9cris et qui provoquent la m\u00e9lancolie de Jacques qui n&rsquo;est pas seulement un effet des manipulations g\u00e9n\u00e9tiques mais qui est une profonde nostalgie ou une profonde solitude face aux cons\u00e9quences ing\u00e9rables d&rsquo;une telle mutation. Voil\u00e0 quelques id\u00e9es qui me sont venues.<br>Dominique B. Professeur Sciences Po<\/p>\n\n\n\n<p class=\"has-nv-text-dark-bg-color has-nv-c-1-background-color has-text-color has-background\">Au del\u00e0 des r\u00e9f\u00e9rences litt\u00e9raires cit\u00e9es ci-dessous dans la pi\u00e8ce, je rajouterai que la qualit\u00e9 de l&rsquo;\u0153uvre dramatique, il me semble, r\u00e9side dans cette notion de th\u00e9\u00e2tre de l&rsquo;absurde que l&rsquo;on peut trouver chez Becket \u00ab\u00a0En attendant Godot\u00a0\u00bb et \u00ab\u00a0Fin de partie\u00a0\u00bb. L&rsquo;absurdit\u00e9 de l&rsquo;homme et de la vie qui m\u00e8nent n\u00e9cessairement \u00e0 la mort. (Citons \u00e9galement Pinter dans \u00ab\u00a0l&rsquo;Anniversaire\u00a0\u00bb). Le divertissement comme seul solution dans ce monde d&rsquo;ennui, l&rsquo;homme seul face \u00e0 lui-m\u00eame et \u00e0 un monde qu&rsquo;il ne comprend pas, n&rsquo;acceptant pas sa condition humaine. (Pascal, le Pari)<br>Absurdit\u00e9 des situations, d\u00e9structuration minime du langage mais r\u00e9v\u00e9latrice qui cr\u00e9e un mouvement dramatique. La d\u00e9raison du monde et l&rsquo;humanit\u00e9 qui se perd sur une th\u00e9matique existentialiste \u00e0 la Sartre voire m\u00eame \u00e0 la Camus: par le d\u00e9veloppement de ce th\u00e8me si d\u00e9stabilisant qu&rsquo;est la modification g\u00e9n\u00e9tique, biologique, le clonage etc. Th\u00e8me se rationalisant au 21\u00e8me si\u00e8cle mais d\u00e9rive et d\u00e9vie vers l&rsquo;irrationnel total et absolu. Les \u00eatre communicants dans leur logique propre mais exprimant des difficult\u00e9s \u00e0 s&rsquo;exprimer dans cet univers presque onirique. Ils \u00e9lucident le sens des mots, du moins tentent de le faire, angoiss\u00e9s de ne pas y parvenir.<br>L&rsquo;humour est ici exploit\u00e9 dans sa forme la plus intense qui sublime des sujets dramatiques et tire ses effets comiques de la froideur et du cynisme. Humour de situation \u00e9galement port\u00e9 par des personnages qui au contraire des pi\u00e8ces de th\u00e9\u00e2tre de l&rsquo;Absurde ne sont pas interchangeables, ils ont une individualit\u00e9 pure et propre comme Sylvie par exemple qui ponctue et scande \u00ab\u00a0l&rsquo;intrigue\u00a0\u00bb par ses r\u00e9actions en chaine.<br>Les th\u00e9matiques philosophiques sont elles bien exploit\u00e9es comme le libre arbitre, le suicide, la fid\u00e9lit\u00e9, le genre f\u00e9minin\/masculin, la guerre des sexes, le totalitarisme de la pens\u00e9e (R\u00e9f\u00e9rence \u00e0 Big Brother forc\u00e9ment avec la police de la pens\u00e9e et le personnage du robot tr\u00e8s bien orchestr\u00e9).<br>Le ton quant \u00e0 lui est rythm\u00e9 telle une m\u00e9lodie classique, le tempo correspond bien aux diff\u00e9rentes strates de l&rsquo;histoire.) Impression que les convives sont chacun assis sur un si\u00e8ge froid, en bois, ne bougeant pas puis tout d&rsquo;un coup se levant, se rapprochant et et hurlant en m\u00eame temps par exemple les strophes du po\u00e8me cr\u00e9ant une impression de coh\u00e9sion brutale et incroyable.<br>Un cadre minimaliste qui exploite le pessimisme au service de l&rsquo;humour et vice et versa dans une entreprise totale de d\u00e9rision.<br>Notes: La pi\u00e8ce pendrait toute son immensit\u00e9 th\u00e9\u00e2trale avec de la musique classique, forte et violente&#8230;!<br>Des d\u00e9guisements?<br>Tr\u00e8s bonne pi\u00e8ce de th\u00e9\u00e2tre.<br>Pascale A. critique litt\u00e9raire<\/p>\n","protected":false},"excerpt":{"rendered":"<p>Avis des lecteurs L&rsquo;histoire Un couple de septuag\u00e9naires, Andr\u00e9 et Marthe, invite leurs deux enfants et trois amis \u00e0 une f\u00eate un dimanche de janvier 2550. Tr\u00e8s vite la discussion s\u2019installe entre les convives. Qui est qui \u00e0 une \u00e9poque o\u00f9 tous les croisements g\u00e9n\u00e9tiques imaginables sont possibles ? Que devenons-nous quand les greffes de&hellip;&nbsp;<a href=\"https:\/\/ivangavriloff.com\/index.php\/la-derniere-pilule\/\" class=\"\" rel=\"bookmark\">Lire la suite &raquo;<span class=\"screen-reader-text\">La derni\u00e8re pilule<\/span><\/a><\/p>\n","protected":false},"author":1,"featured_media":0,"parent":0,"menu_order":0,"comment_status":"closed","ping_status":"closed","template":"","meta":{"neve_meta_sidebar":"","neve_meta_container":"","neve_meta_enable_content_width":"","neve_meta_content_width":0,"neve_meta_title_alignment":"","neve_meta_author_avatar":"","neve_post_elements_order":"","neve_meta_disable_header":"","neve_meta_disable_footer":"","neve_meta_disable_title":"","footnotes":""},"class_list":["post-94","page","type-page","status-publish","hentry"],"yoast_head":"<!-- This site is optimized with the Yoast SEO plugin v24.7 - https:\/\/yoast.com\/wordpress\/plugins\/seo\/ -->\n<title>La derni\u00e8re pilule - Ivan Gavriloff<\/title>\n<meta name=\"robots\" content=\"index, follow, max-snippet:-1, max-image-preview:large, max-video-preview:-1\" \/>\n<link rel=\"canonical\" href=\"https:\/\/ivangavriloff.com\/index.php\/la-derniere-pilule\/\" \/>\n<meta property=\"og:locale\" content=\"fr_FR\" \/>\n<meta property=\"og:type\" content=\"article\" \/>\n<meta property=\"og:title\" content=\"La derni\u00e8re pilule - Ivan Gavriloff\" \/>\n<meta property=\"og:description\" content=\"Avis des lecteurs L&rsquo;histoire Un couple de septuag\u00e9naires, Andr\u00e9 et Marthe, invite leurs deux enfants et trois amis \u00e0 une f\u00eate un dimanche de janvier 2550. Tr\u00e8s vite la discussion s\u2019installe entre les convives. Qui est qui \u00e0 une \u00e9poque o\u00f9 tous les croisements g\u00e9n\u00e9tiques imaginables sont possibles ? Que devenons-nous quand les greffes de&hellip;&nbsp;Lire la suite &raquo;La derni\u00e8re pilule\" \/>\n<meta property=\"og:url\" content=\"https:\/\/ivangavriloff.com\/index.php\/la-derniere-pilule\/\" \/>\n<meta property=\"og:site_name\" content=\"Ivan Gavriloff\" \/>\n<meta property=\"article:modified_time\" content=\"2023-03-08T10:01:06+00:00\" \/>\n<meta property=\"og:image\" content=\"http:\/\/ivangavriloff.com\/wp-content\/uploads\/2022\/05\/31SHLNg8HTL.jpeg\" \/>\n<meta name=\"twitter:card\" content=\"summary_large_image\" \/>\n<meta name=\"twitter:label1\" content=\"Dur\u00e9e de lecture estim\u00e9e\" \/>\n\t<meta name=\"twitter:data1\" content=\"8 minutes\" \/>\n<script type=\"application\/ld+json\" class=\"yoast-schema-graph\">{\"@context\":\"https:\/\/schema.org\",\"@graph\":[{\"@type\":\"WebPage\",\"@id\":\"https:\/\/ivangavriloff.com\/index.php\/la-derniere-pilule\/\",\"url\":\"https:\/\/ivangavriloff.com\/index.php\/la-derniere-pilule\/\",\"name\":\"La derni\u00e8re pilule - Ivan Gavriloff\",\"isPartOf\":{\"@id\":\"https:\/\/ivangavriloff.com\/#website\"},\"primaryImageOfPage\":{\"@id\":\"https:\/\/ivangavriloff.com\/index.php\/la-derniere-pilule\/#primaryimage\"},\"image\":{\"@id\":\"https:\/\/ivangavriloff.com\/index.php\/la-derniere-pilule\/#primaryimage\"},\"thumbnailUrl\":\"http:\/\/ivangavriloff.com\/wp-content\/uploads\/2022\/05\/31SHLNg8HTL.jpeg\",\"datePublished\":\"2022-04-16T17:17:23+00:00\",\"dateModified\":\"2023-03-08T10:01:06+00:00\",\"breadcrumb\":{\"@id\":\"https:\/\/ivangavriloff.com\/index.php\/la-derniere-pilule\/#breadcrumb\"},\"inLanguage\":\"fr-FR\",\"potentialAction\":[{\"@type\":\"ReadAction\",\"target\":[\"https:\/\/ivangavriloff.com\/index.php\/la-derniere-pilule\/\"]}]},{\"@type\":\"ImageObject\",\"inLanguage\":\"fr-FR\",\"@id\":\"https:\/\/ivangavriloff.com\/index.php\/la-derniere-pilule\/#primaryimage\",\"url\":\"http:\/\/ivangavriloff.com\/wp-content\/uploads\/2022\/05\/31SHLNg8HTL.jpeg\",\"contentUrl\":\"http:\/\/ivangavriloff.com\/wp-content\/uploads\/2022\/05\/31SHLNg8HTL.jpeg\"},{\"@type\":\"BreadcrumbList\",\"@id\":\"https:\/\/ivangavriloff.com\/index.php\/la-derniere-pilule\/#breadcrumb\",\"itemListElement\":[{\"@type\":\"ListItem\",\"position\":1,\"name\":\"Accueil\",\"item\":\"https:\/\/ivangavriloff.com\/\"},{\"@type\":\"ListItem\",\"position\":2,\"name\":\"La derni\u00e8re pilule\"}]},{\"@type\":\"WebSite\",\"@id\":\"https:\/\/ivangavriloff.com\/#website\",\"url\":\"https:\/\/ivangavriloff.com\/\",\"name\":\"Ivan Gavriloff\",\"description\":\"Auteur de livres d\u2019anticipation\",\"publisher\":{\"@id\":\"https:\/\/ivangavriloff.com\/#organization\"},\"potentialAction\":[{\"@type\":\"SearchAction\",\"target\":{\"@type\":\"EntryPoint\",\"urlTemplate\":\"https:\/\/ivangavriloff.com\/?s={search_term_string}\"},\"query-input\":{\"@type\":\"PropertyValueSpecification\",\"valueRequired\":true,\"valueName\":\"search_term_string\"}}],\"inLanguage\":\"fr-FR\"},{\"@type\":\"Organization\",\"@id\":\"https:\/\/ivangavriloff.com\/#organization\",\"name\":\"Ivan Gavriloff\",\"url\":\"https:\/\/ivangavriloff.com\/\",\"logo\":{\"@type\":\"ImageObject\",\"inLanguage\":\"fr-FR\",\"@id\":\"https:\/\/ivangavriloff.com\/#\/schema\/logo\/image\/\",\"url\":\"https:\/\/ivangavriloff.com\/wp-content\/uploads\/2022\/03\/logo-agency.png\",\"contentUrl\":\"https:\/\/ivangavriloff.com\/wp-content\/uploads\/2022\/03\/logo-agency.png\",\"width\":200,\"height\":200,\"caption\":\"Ivan Gavriloff\"},\"image\":{\"@id\":\"https:\/\/ivangavriloff.com\/#\/schema\/logo\/image\/\"}}]}<\/script>\n<!-- \/ Yoast SEO plugin. -->","yoast_head_json":{"title":"La derni\u00e8re pilule - Ivan Gavriloff","robots":{"index":"index","follow":"follow","max-snippet":"max-snippet:-1","max-image-preview":"max-image-preview:large","max-video-preview":"max-video-preview:-1"},"canonical":"https:\/\/ivangavriloff.com\/index.php\/la-derniere-pilule\/","og_locale":"fr_FR","og_type":"article","og_title":"La derni\u00e8re pilule - Ivan Gavriloff","og_description":"Avis des lecteurs L&rsquo;histoire Un couple de septuag\u00e9naires, Andr\u00e9 et Marthe, invite leurs deux enfants et trois amis \u00e0 une f\u00eate un dimanche de janvier 2550. Tr\u00e8s vite la discussion s\u2019installe entre les convives. Qui est qui \u00e0 une \u00e9poque o\u00f9 tous les croisements g\u00e9n\u00e9tiques imaginables sont possibles ? Que devenons-nous quand les greffes de&hellip;&nbsp;Lire la suite &raquo;La derni\u00e8re pilule","og_url":"https:\/\/ivangavriloff.com\/index.php\/la-derniere-pilule\/","og_site_name":"Ivan Gavriloff","article_modified_time":"2023-03-08T10:01:06+00:00","og_image":[{"url":"http:\/\/ivangavriloff.com\/wp-content\/uploads\/2022\/05\/31SHLNg8HTL.jpeg","type":"","width":"","height":""}],"twitter_card":"summary_large_image","twitter_misc":{"Dur\u00e9e de lecture estim\u00e9e":"8 minutes"},"schema":{"@context":"https:\/\/schema.org","@graph":[{"@type":"WebPage","@id":"https:\/\/ivangavriloff.com\/index.php\/la-derniere-pilule\/","url":"https:\/\/ivangavriloff.com\/index.php\/la-derniere-pilule\/","name":"La derni\u00e8re pilule - Ivan Gavriloff","isPartOf":{"@id":"https:\/\/ivangavriloff.com\/#website"},"primaryImageOfPage":{"@id":"https:\/\/ivangavriloff.com\/index.php\/la-derniere-pilule\/#primaryimage"},"image":{"@id":"https:\/\/ivangavriloff.com\/index.php\/la-derniere-pilule\/#primaryimage"},"thumbnailUrl":"http:\/\/ivangavriloff.com\/wp-content\/uploads\/2022\/05\/31SHLNg8HTL.jpeg","datePublished":"2022-04-16T17:17:23+00:00","dateModified":"2023-03-08T10:01:06+00:00","breadcrumb":{"@id":"https:\/\/ivangavriloff.com\/index.php\/la-derniere-pilule\/#breadcrumb"},"inLanguage":"fr-FR","potentialAction":[{"@type":"ReadAction","target":["https:\/\/ivangavriloff.com\/index.php\/la-derniere-pilule\/"]}]},{"@type":"ImageObject","inLanguage":"fr-FR","@id":"https:\/\/ivangavriloff.com\/index.php\/la-derniere-pilule\/#primaryimage","url":"http:\/\/ivangavriloff.com\/wp-content\/uploads\/2022\/05\/31SHLNg8HTL.jpeg","contentUrl":"http:\/\/ivangavriloff.com\/wp-content\/uploads\/2022\/05\/31SHLNg8HTL.jpeg"},{"@type":"BreadcrumbList","@id":"https:\/\/ivangavriloff.com\/index.php\/la-derniere-pilule\/#breadcrumb","itemListElement":[{"@type":"ListItem","position":1,"name":"Accueil","item":"https:\/\/ivangavriloff.com\/"},{"@type":"ListItem","position":2,"name":"La derni\u00e8re pilule"}]},{"@type":"WebSite","@id":"https:\/\/ivangavriloff.com\/#website","url":"https:\/\/ivangavriloff.com\/","name":"Ivan Gavriloff","description":"Auteur de livres d\u2019anticipation","publisher":{"@id":"https:\/\/ivangavriloff.com\/#organization"},"potentialAction":[{"@type":"SearchAction","target":{"@type":"EntryPoint","urlTemplate":"https:\/\/ivangavriloff.com\/?s={search_term_string}"},"query-input":{"@type":"PropertyValueSpecification","valueRequired":true,"valueName":"search_term_string"}}],"inLanguage":"fr-FR"},{"@type":"Organization","@id":"https:\/\/ivangavriloff.com\/#organization","name":"Ivan Gavriloff","url":"https:\/\/ivangavriloff.com\/","logo":{"@type":"ImageObject","inLanguage":"fr-FR","@id":"https:\/\/ivangavriloff.com\/#\/schema\/logo\/image\/","url":"https:\/\/ivangavriloff.com\/wp-content\/uploads\/2022\/03\/logo-agency.png","contentUrl":"https:\/\/ivangavriloff.com\/wp-content\/uploads\/2022\/03\/logo-agency.png","width":200,"height":200,"caption":"Ivan Gavriloff"},"image":{"@id":"https:\/\/ivangavriloff.com\/#\/schema\/logo\/image\/"}}]}},"_links":{"self":[{"href":"https:\/\/ivangavriloff.com\/index.php\/wp-json\/wp\/v2\/pages\/94","targetHints":{"allow":["GET"]}}],"collection":[{"href":"https:\/\/ivangavriloff.com\/index.php\/wp-json\/wp\/v2\/pages"}],"about":[{"href":"https:\/\/ivangavriloff.com\/index.php\/wp-json\/wp\/v2\/types\/page"}],"author":[{"embeddable":true,"href":"https:\/\/ivangavriloff.com\/index.php\/wp-json\/wp\/v2\/users\/1"}],"replies":[{"embeddable":true,"href":"https:\/\/ivangavriloff.com\/index.php\/wp-json\/wp\/v2\/comments?post=94"}],"version-history":[{"count":31,"href":"https:\/\/ivangavriloff.com\/index.php\/wp-json\/wp\/v2\/pages\/94\/revisions"}],"predecessor-version":[{"id":386,"href":"https:\/\/ivangavriloff.com\/index.php\/wp-json\/wp\/v2\/pages\/94\/revisions\/386"}],"wp:attachment":[{"href":"https:\/\/ivangavriloff.com\/index.php\/wp-json\/wp\/v2\/media?parent=94"}],"curies":[{"name":"wp","href":"https:\/\/api.w.org\/{rel}","templated":true}]}}