{"id":7,"date":"2022-03-30T18:11:02","date_gmt":"2022-03-30T16:11:02","guid":{"rendered":"https:\/\/ivangavriloff.com\/?page_id=7"},"modified":"2025-03-14T09:13:22","modified_gmt":"2025-03-14T08:13:22","slug":"accueil","status":"publish","type":"page","link":"https:\/\/ivangavriloff.com\/","title":{"rendered":"Accueil"},"content":{"rendered":"\n<div style=\"height:50px\" aria-hidden=\"true\" class=\"wp-block-spacer\"><\/div>\n\n\n\n<div class=\"wp-block-columns is-layout-flex wp-container-core-columns-is-layout-9d6595d7 wp-block-columns-is-layout-flex\">\n<div class=\"wp-block-column is-layout-flow wp-block-column-is-layout-flow\"><div class=\"wp-block-image\">\n<figure class=\"aligncenter size-full is-resized\"><a href=\"https:\/\/ivangavriloff.com\/index.php\/la-derniere-pilule\/\"><img loading=\"lazy\" decoding=\"async\" width=\"322\" height=\"500\" src=\"https:\/\/ivangavriloff.com\/wp-content\/uploads\/2022\/04\/derniere_pilule_couv.jpeg\" alt=\"\" class=\"wp-image-74\" style=\"width:242px;height:375px\" srcset=\"https:\/\/ivangavriloff.com\/wp-content\/uploads\/2022\/04\/derniere_pilule_couv.jpeg 322w, https:\/\/ivangavriloff.com\/wp-content\/uploads\/2022\/04\/derniere_pilule_couv-193x300.jpeg 193w\" sizes=\"auto, (max-width: 322px) 100vw, 322px\" \/><\/a><\/figure>\n<\/div>\n\n\n<p class=\"has-text-align-center has-small-font-size\"><em><a href=\"https:\/\/ivangavriloff.com\/index.php\/la-derniere-pilule\" target=\"_blank\" rel=\"noreferrer noopener\">En savoir plus&#8230;<\/a><\/em><\/p>\n<\/div>\n\n\n\n<div class=\"wp-block-column is-layout-flow wp-block-column-is-layout-flow\"><div class=\"wp-block-image\">\n<figure class=\"aligncenter size-large is-resized\"><img loading=\"lazy\" decoding=\"async\" width=\"768\" height=\"1024\" src=\"https:\/\/ivangavriloff.com\/wp-content\/uploads\/2023\/04\/IMG_0526-768x1024.jpeg\" alt=\"\" class=\"wp-image-395\" style=\"width:257px\" srcset=\"https:\/\/ivangavriloff.com\/wp-content\/uploads\/2023\/04\/IMG_0526-768x1024.jpeg 768w, https:\/\/ivangavriloff.com\/wp-content\/uploads\/2023\/04\/IMG_0526-225x300.jpeg 225w, https:\/\/ivangavriloff.com\/wp-content\/uploads\/2023\/04\/IMG_0526-1152x1536.jpeg 1152w, https:\/\/ivangavriloff.com\/wp-content\/uploads\/2023\/04\/IMG_0526-1536x2048.jpeg 1536w, https:\/\/ivangavriloff.com\/wp-content\/uploads\/2023\/04\/IMG_0526-scaled.jpeg 1920w\" sizes=\"auto, (max-width: 768px) 100vw, 768px\" \/><\/figure>\n<\/div><\/div>\n\n\n\n<div class=\"wp-block-column is-layout-flow wp-block-column-is-layout-flow\"><div class=\"wp-block-image\">\n<figure class=\"aligncenter size-full is-resized\"><a href=\"https:\/\/ivangavriloff.com\/index.php\/hashtag-2065\/\"><img loading=\"lazy\" decoding=\"async\" width=\"1000\" height=\"1500\" src=\"https:\/\/ivangavriloff.com\/wp-content\/uploads\/2025\/03\/61r00F1DkSL._SL1500_.jpg\" alt=\"\" class=\"wp-image-422\" style=\"width:257px;height:375px\" srcset=\"https:\/\/ivangavriloff.com\/wp-content\/uploads\/2025\/03\/61r00F1DkSL._SL1500_.jpg 1000w, https:\/\/ivangavriloff.com\/wp-content\/uploads\/2025\/03\/61r00F1DkSL._SL1500_-200x300.jpg 200w, https:\/\/ivangavriloff.com\/wp-content\/uploads\/2025\/03\/61r00F1DkSL._SL1500_-683x1024.jpg 683w, https:\/\/ivangavriloff.com\/wp-content\/uploads\/2025\/03\/61r00F1DkSL._SL1500_-768x1152.jpg 768w\" sizes=\"auto, (max-width: 1000px) 100vw, 1000px\" \/><\/a><\/figure>\n<\/div>\n\n\n<p class=\"has-text-align-center has-small-font-size\"><em><a href=\"https:\/\/ivangavriloff.com\/index.php\/hashtag-2065\/\" target=\"_blank\" rel=\"noreferrer noopener\">En savoir plus&#8230;<\/a><\/em><\/p>\n<\/div>\n<\/div>\n\n\n\n<div class=\"wp-block-cover alignfull\" style=\"min-height:600px;aspect-ratio:unset;\"><span aria-hidden=\"true\" class=\"wp-block-cover__background has-nv-light-bg-background-color has-background-dim-100 has-background-dim\"><\/span><div class=\"wp-block-cover__inner-container is-layout-flow wp-block-cover-is-layout-flow\">\n<div class=\"wp-block-group\"><div class=\"wp-block-group__inner-container is-layout-flow wp-block-group-is-layout-flow\">\n<div style=\"height:80px\" aria-hidden=\"true\" class=\"wp-block-spacer\"><\/div>\n\n\n\n<div class=\"wp-block-columns are-vertically-aligned-center is-layout-flex wp-container-core-columns-is-layout-9d6595d7 wp-block-columns-is-layout-flex\">\n<div class=\"wp-block-column is-vertically-aligned-center is-layout-flow wp-block-column-is-layout-flow\" style=\"flex-basis:50%\"><div class=\"wp-block-image\">\n<figure class=\"aligncenter size-full is-resized\"><img loading=\"lazy\" decoding=\"async\" width=\"480\" height=\"640\" src=\"https:\/\/ivangavriloff.com\/wp-content\/uploads\/2023\/04\/IG_Ivan-Gavriloff_183.jpeg\" alt=\"\" class=\"wp-image-409\" style=\"width:300px\" srcset=\"https:\/\/ivangavriloff.com\/wp-content\/uploads\/2023\/04\/IG_Ivan-Gavriloff_183.jpeg 480w, https:\/\/ivangavriloff.com\/wp-content\/uploads\/2023\/04\/IG_Ivan-Gavriloff_183-225x300.jpeg 225w\" sizes=\"auto, (max-width: 480px) 100vw, 480px\" \/><\/figure>\n<\/div><\/div>\n\n\n\n<div class=\"wp-block-column is-vertically-aligned-center is-layout-flow wp-block-column-is-layout-flow\" style=\"flex-basis:50%\">\n<div style=\"height:20px\" aria-hidden=\"true\" class=\"wp-block-spacer\"><\/div>\n\n\n\n<h4 class=\"wp-block-heading has-text-align-left has-neve-text-color-color has-text-color\">SCIENTIFIQUE ET ENTREPRENEUR<\/h4>\n\n\n\n<p class=\"has-neve-link-color-color has-text-color\">Ivan GAVRILOFF, X81, entrepreneur, pdg fondateur de <a href=\"https:\/\/www.kaosconsulting.com\/\" target=\"_blank\" rel=\"noreferrer noopener\">Kaos<\/a> (1986), conseil en innovation, 1000 clients, dont 100% du CAC40, animation de 3000 s\u00e9minaires de cr\u00e9ativit\u00e9,<\/p>\n\n\n\n<p class=\"has-neve-link-color-color has-text-color\">Conseil scientifique de <a rel=\"noreferrer noopener\" href=\"https:\/\/www.betterwebetterworld.org\/\" target=\"_blank\">BWBW<\/a> (2019)<\/p>\n\n\n\n<p class=\"has-neve-link-color-color has-text-color\">Co-fondateur de <a rel=\"noreferrer noopener\" href=\"https:\/\/www.naarea.fr\/\" target=\"_blank\">Naarea<\/a> (2021)<\/p>\n\n\n\n<p class=\"has-neve-link-color-color has-text-color\">Romancier (Hashtag 2065), essayiste (une fourmi de 18 m\u00e8tres, \u00e7a n&rsquo;existe pas), enseignant et conf\u00e9rencier, colonel de r\u00e9serve citoyenne (Air, Gendarmerie).<\/p>\n<\/div>\n<\/div>\n\n\n\n<div style=\"height:40px\" aria-hidden=\"true\" class=\"wp-block-spacer\"><\/div>\n<\/div><\/div>\n<\/div><\/div>\n\n\n\n<div style=\"height:50px\" aria-hidden=\"true\" class=\"wp-block-spacer\"><\/div>\n\n\n\n<div class=\"wp-block-cover alignfull has-custom-content-position is-position-bottom-center\" style=\"min-height:202px;aspect-ratio:unset;\"><span aria-hidden=\"true\" class=\"wp-block-cover__background has-background-dim-100 has-background-dim\" style=\"background-color:#75685c\"><\/span><div class=\"wp-block-cover__inner-container is-layout-flow wp-block-cover-is-layout-flow\">\n<p class=\"has-text-align-center\" style=\"font-size:23px\"><\/p>\n<\/div><\/div>\n\n\n\n<p><\/p>\n","protected":false},"excerpt":{"rendered":"<p>En savoir plus&#8230; En savoir plus&#8230;<\/p>\n","protected":false},"author":1,"featured_media":0,"parent":0,"menu_order":0,"comment_status":"closed","ping_status":"closed","template":"","meta":{"neve_meta_sidebar":"","neve_meta_container":"","neve_meta_enable_content_width":"on","neve_meta_content_width":100,"neve_meta_title_alignment":"","neve_meta_author_avatar":"","neve_post_elements_order":"","neve_meta_disable_header":"","neve_meta_disable_footer":"","neve_meta_disable_title":"on","footnotes":""},"class_list":["post-7","page","type-page","status-publish","hentry"],"yoast_head":"<!-- This site is optimized with the Yoast SEO plugin v24.7 - https:\/\/yoast.com\/wordpress\/plugins\/seo\/ -->\n<title>Accueil - Ivan Gavriloff<\/title>\n<meta name=\"robots\" content=\"index, follow, max-snippet:-1, max-image-preview:large, max-video-preview:-1\" \/>\n<link rel=\"canonical\" href=\"https:\/\/ivangavriloff.com\/\" \/>\n<meta property=\"og:locale\" content=\"fr_FR\" \/>\n<meta property=\"og:type\" content=\"article\" \/>\n<meta property=\"og:title\" content=\"Accueil - Ivan Gavriloff\" \/>\n<meta property=\"og:description\" content=\"En savoir plus&#8230; En savoir plus&#8230;\" \/>\n<meta property=\"og:url\" content=\"https:\/\/ivangavriloff.com\/\" \/>\n<meta property=\"og:site_name\" content=\"Ivan Gavriloff\" \/>\n<meta property=\"article:modified_time\" content=\"2025-03-14T08:13:22+00:00\" \/>\n<meta property=\"og:image\" content=\"https:\/\/ivangavriloff.com\/wp-content\/uploads\/2022\/04\/derniere_pilule_couv.jpeg\" \/>\n\t<meta property=\"og:image:width\" content=\"322\" \/>\n\t<meta property=\"og:image:height\" content=\"500\" \/>\n\t<meta property=\"og:image:type\" content=\"image\/jpeg\" \/>\n<meta name=\"twitter:card\" content=\"summary_large_image\" \/>\n<script type=\"application\/ld+json\" class=\"yoast-schema-graph\">{\"@context\":\"https:\/\/schema.org\",\"@graph\":[{\"@type\":\"WebPage\",\"@id\":\"https:\/\/ivangavriloff.com\/\",\"url\":\"https:\/\/ivangavriloff.com\/\",\"name\":\"Accueil - Ivan Gavriloff\",\"isPartOf\":{\"@id\":\"https:\/\/ivangavriloff.com\/#website\"},\"primaryImageOfPage\":{\"@id\":\"https:\/\/ivangavriloff.com\/#primaryimage\"},\"image\":{\"@id\":\"https:\/\/ivangavriloff.com\/#primaryimage\"},\"thumbnailUrl\":\"https:\/\/ivangavriloff.com\/wp-content\/uploads\/2022\/04\/derniere_pilule_couv.jpeg\",\"datePublished\":\"2022-03-30T16:11:02+00:00\",\"dateModified\":\"2025-03-14T08:13:22+00:00\",\"breadcrumb\":{\"@id\":\"https:\/\/ivangavriloff.com\/#breadcrumb\"},\"inLanguage\":\"fr-FR\",\"potentialAction\":[{\"@type\":\"ReadAction\",\"target\":[\"https:\/\/ivangavriloff.com\/\"]}]},{\"@type\":\"ImageObject\",\"inLanguage\":\"fr-FR\",\"@id\":\"https:\/\/ivangavriloff.com\/#primaryimage\",\"url\":\"https:\/\/ivangavriloff.com\/wp-content\/uploads\/2022\/04\/derniere_pilule_couv.jpeg\",\"contentUrl\":\"https:\/\/ivangavriloff.com\/wp-content\/uploads\/2022\/04\/derniere_pilule_couv.jpeg\",\"width\":322,\"height\":500},{\"@type\":\"BreadcrumbList\",\"@id\":\"https:\/\/ivangavriloff.com\/#breadcrumb\",\"itemListElement\":[{\"@type\":\"ListItem\",\"position\":1,\"name\":\"Accueil\",\"item\":\"https:\/\/ivangavriloff.com\/\"},{\"@type\":\"ListItem\",\"position\":2,\"name\":\"Accueil\"}]},{\"@type\":\"WebSite\",\"@id\":\"https:\/\/ivangavriloff.com\/#website\",\"url\":\"https:\/\/ivangavriloff.com\/\",\"name\":\"Ivan Gavriloff\",\"description\":\"Auteur de livres d\u2019anticipation\",\"publisher\":{\"@id\":\"https:\/\/ivangavriloff.com\/#organization\"},\"potentialAction\":[{\"@type\":\"SearchAction\",\"target\":{\"@type\":\"EntryPoint\",\"urlTemplate\":\"https:\/\/ivangavriloff.com\/?s={search_term_string}\"},\"query-input\":{\"@type\":\"PropertyValueSpecification\",\"valueRequired\":true,\"valueName\":\"search_term_string\"}}],\"inLanguage\":\"fr-FR\"},{\"@type\":\"Organization\",\"@id\":\"https:\/\/ivangavriloff.com\/#organization\",\"name\":\"Ivan Gavriloff\",\"url\":\"https:\/\/ivangavriloff.com\/\",\"logo\":{\"@type\":\"ImageObject\",\"inLanguage\":\"fr-FR\",\"@id\":\"https:\/\/ivangavriloff.com\/#\/schema\/logo\/image\/\",\"url\":\"https:\/\/ivangavriloff.com\/wp-content\/uploads\/2022\/03\/logo-agency.png\",\"contentUrl\":\"https:\/\/ivangavriloff.com\/wp-content\/uploads\/2022\/03\/logo-agency.png\",\"width\":200,\"height\":200,\"caption\":\"Ivan Gavriloff\"},\"image\":{\"@id\":\"https:\/\/ivangavriloff.com\/#\/schema\/logo\/image\/\"}}]}<\/script>\n<!-- \/ Yoast SEO plugin. -->","yoast_head_json":{"title":"Accueil - Ivan Gavriloff","robots":{"index":"index","follow":"follow","max-snippet":"max-snippet:-1","max-image-preview":"max-image-preview:large","max-video-preview":"max-video-preview:-1"},"canonical":"https:\/\/ivangavriloff.com\/","og_locale":"fr_FR","og_type":"article","og_title":"Accueil - Ivan Gavriloff","og_description":"En savoir plus&#8230; En savoir plus&#8230;","og_url":"https:\/\/ivangavriloff.com\/","og_site_name":"Ivan Gavriloff","article_modified_time":"2025-03-14T08:13:22+00:00","og_image":[{"width":322,"height":500,"url":"https:\/\/ivangavriloff.com\/wp-content\/uploads\/2022\/04\/derniere_pilule_couv.jpeg","type":"image\/jpeg"}],"twitter_card":"summary_large_image","schema":{"@context":"https:\/\/schema.org","@graph":[{"@type":"WebPage","@id":"https:\/\/ivangavriloff.com\/","url":"https:\/\/ivangavriloff.com\/","name":"Accueil - Ivan Gavriloff","isPartOf":{"@id":"https:\/\/ivangavriloff.com\/#website"},"primaryImageOfPage":{"@id":"https:\/\/ivangavriloff.com\/#primaryimage"},"image":{"@id":"https:\/\/ivangavriloff.com\/#primaryimage"},"thumbnailUrl":"https:\/\/ivangavriloff.com\/wp-content\/uploads\/2022\/04\/derniere_pilule_couv.jpeg","datePublished":"2022-03-30T16:11:02+00:00","dateModified":"2025-03-14T08:13:22+00:00","breadcrumb":{"@id":"https:\/\/ivangavriloff.com\/#breadcrumb"},"inLanguage":"fr-FR","potentialAction":[{"@type":"ReadAction","target":["https:\/\/ivangavriloff.com\/"]}]},{"@type":"ImageObject","inLanguage":"fr-FR","@id":"https:\/\/ivangavriloff.com\/#primaryimage","url":"https:\/\/ivangavriloff.com\/wp-content\/uploads\/2022\/04\/derniere_pilule_couv.jpeg","contentUrl":"https:\/\/ivangavriloff.com\/wp-content\/uploads\/2022\/04\/derniere_pilule_couv.jpeg","width":322,"height":500},{"@type":"BreadcrumbList","@id":"https:\/\/ivangavriloff.com\/#breadcrumb","itemListElement":[{"@type":"ListItem","position":1,"name":"Accueil","item":"https:\/\/ivangavriloff.com\/"},{"@type":"ListItem","position":2,"name":"Accueil"}]},{"@type":"WebSite","@id":"https:\/\/ivangavriloff.com\/#website","url":"https:\/\/ivangavriloff.com\/","name":"Ivan Gavriloff","description":"Auteur de livres d\u2019anticipation","publisher":{"@id":"https:\/\/ivangavriloff.com\/#organization"},"potentialAction":[{"@type":"SearchAction","target":{"@type":"EntryPoint","urlTemplate":"https:\/\/ivangavriloff.com\/?s={search_term_string}"},"query-input":{"@type":"PropertyValueSpecification","valueRequired":true,"valueName":"search_term_string"}}],"inLanguage":"fr-FR"},{"@type":"Organization","@id":"https:\/\/ivangavriloff.com\/#organization","name":"Ivan Gavriloff","url":"https:\/\/ivangavriloff.com\/","logo":{"@type":"ImageObject","inLanguage":"fr-FR","@id":"https:\/\/ivangavriloff.com\/#\/schema\/logo\/image\/","url":"https:\/\/ivangavriloff.com\/wp-content\/uploads\/2022\/03\/logo-agency.png","contentUrl":"https:\/\/ivangavriloff.com\/wp-content\/uploads\/2022\/03\/logo-agency.png","width":200,"height":200,"caption":"Ivan Gavriloff"},"image":{"@id":"https:\/\/ivangavriloff.com\/#\/schema\/logo\/image\/"}}]}},"_links":{"self":[{"href":"https:\/\/ivangavriloff.com\/index.php\/wp-json\/wp\/v2\/pages\/7","targetHints":{"allow":["GET"]}}],"collection":[{"href":"https:\/\/ivangavriloff.com\/index.php\/wp-json\/wp\/v2\/pages"}],"about":[{"href":"https:\/\/ivangavriloff.com\/index.php\/wp-json\/wp\/v2\/types\/page"}],"author":[{"embeddable":true,"href":"https:\/\/ivangavriloff.com\/index.php\/wp-json\/wp\/v2\/users\/1"}],"replies":[{"embeddable":true,"href":"https:\/\/ivangavriloff.com\/index.php\/wp-json\/wp\/v2\/comments?post=7"}],"version-history":[{"count":60,"href":"https:\/\/ivangavriloff.com\/index.php\/wp-json\/wp\/v2\/pages\/7\/revisions"}],"predecessor-version":[{"id":426,"href":"https:\/\/ivangavriloff.com\/index.php\/wp-json\/wp\/v2\/pages\/7\/revisions\/426"}],"wp:attachment":[{"href":"https:\/\/ivangavriloff.com\/index.php\/wp-json\/wp\/v2\/media?parent=7"}],"curies":[{"name":"wp","href":"https:\/\/api.w.org\/{rel}","templated":true}]}}